{"id":501,"date":"2023-02-10T09:33:26","date_gmt":"2023-02-10T09:33:26","guid":{"rendered":"https:\/\/zip42lab.com\/lcq\/?page_id=501"},"modified":"2023-02-28T07:57:34","modified_gmt":"2023-02-28T07:57:34","slug":"contact","status":"publish","type":"page","link":"https:\/\/www.leadershipcq.com\/fr\/contact\/","title":{"rendered":"Contact"},"content":{"rendered":"<p>[et_pb_section fb_built=&#8221;1&#8243; admin_label=&#8221;Feature Section&#8221; _builder_version=&#8221;4.19.5&#8243; background_enable_color=&#8221;off&#8221; background_enable_image=&#8221;off&#8221; custom_padding=&#8221;22px||13px||false|false&#8221; hover_enabled=&#8221;0&#8243; global_colors_info=&#8221;{}&#8221; sticky_enabled=&#8221;0&#8243;][et_pb_row column_structure=&#8221;1_2,1_2&#8243; make_equal=&#8221;on&#8221; _builder_version=&#8221;4.19.5&#8243; _module_preset=&#8221;default&#8221; custom_padding=&#8221;14px||12px|||&#8221; animation_style=&#8221;slide&#8221; animation_direction=&#8221;right&#8221; global_colors_info=&#8221;{}&#8221;][et_pb_column type=&#8221;1_2&#8243; module_class=&#8221;hm_why&#8221; _builder_version=&#8221;4.19.5&#8243; _module_preset=&#8221;default&#8221; global_colors_info=&#8221;{}&#8221;][et_pb_text _builder_version=&#8221;4.20.0&#8243; _module_preset=&#8221;default&#8221; header_2_text_color=&#8221;#545454&#8243; hover_enabled=&#8221;0&#8243; global_colors_info=&#8221;{}&#8221; sticky_enabled=&#8221;0&#8243;]<\/p>\n<h2>CONTACT<\/h2>\n<p>[\/et_pb_text][\/et_pb_column][et_pb_column type=&#8221;1_2&#8243; _builder_version=&#8221;4.19.5&#8243; _module_preset=&#8221;default&#8221; global_colors_info=&#8221;{}&#8221;][et_pb_text _builder_version=&#8221;4.20.0&#8243; _module_preset=&#8221;default&#8221; text_text_color=&#8221;#545454&#8243; hover_enabled=&#8221;0&#8243; global_colors_info=&#8221;{}&#8221; sticky_enabled=&#8221;0&#8243;]<\/p>\n<div class=\"col-md-6 contactright\">\n<p>Nous aimerions avoir de vos nouvelles &#8211; vous pouvez nous envoyer un e-mail \u00e0<br \/>\n<a href=\"mailto:contact@leadershipcq.com\">contact@leadershipcq.com<\/a><br \/>\nFollow us on Facebook : @leadershipcq<br \/>\nFollow us on Instagram : @leadershipcq<\/p>\n<div class=\"gr_cont\">Ou remplissez le formulaire ci-dessous<\/div>\n<\/div>\n<p>[\/et_pb_text][\/et_pb_column][\/et_pb_row][\/et_pb_section][et_pb_section fb_built=&#8221;1&#8243; admin_label=&#8221;CTA Section&#8221; _builder_version=&#8221;4.19.5&#8243; background_enable_color=&#8221;off&#8221; custom_padding=&#8221;36px||14px||false|false&#8221; global_colors_info=&#8221;{}&#8221;][et_pb_row admin_label=&#8221;CTA Area&#8221; _builder_version=&#8221;4.16&#8243; custom_padding=&#8221;0px||0px|&#8221; global_colors_info=&#8221;{}&#8221;][et_pb_column type=&#8221;4_4&#8243; _builder_version=&#8221;4.16&#8243; custom_padding=&#8221;|||&#8221; global_colors_info=&#8221;{}&#8221; custom_padding__hover=&#8221;|||&#8221;][et_pb_text _builder_version=&#8221;4.20.0&#8243; text_font=&#8221;||||||||&#8221; text_font_size=&#8221;32px&#8221; text_line_height=&#8221;1.5em&#8221; link_font=&#8221;Open Sans||||||||&#8221; link_text_color=&#8221;#0099e5&#8243; link_font_size=&#8221;18px&#8221; text_orientation=&#8221;center&#8221; module_alignment=&#8221;center&#8221; custom_margin=&#8221;|||&#8221; custom_padding=&#8221;|||&#8221; hover_enabled=&#8221;0&#8243; global_colors_info=&#8221;{}&#8221; sticky_enabled=&#8221;0&#8243;]<\/p>\n<p><strong>Merci de remplir le formulaire et nous vous r\u00e9pondrons sous peu.<\/strong><\/p>\n<p>[\/et_pb_text][\/et_pb_column][\/et_pb_row][\/et_pb_section][et_pb_section fb_built=&#8221;1&#8243; admin_label=&#8221;CTA Section&#8221; _builder_version=&#8221;4.19.5&#8243; background_enable_color=&#8221;off&#8221; custom_padding=&#8221;36px||40px||false|false&#8221; global_colors_info=&#8221;{}&#8221;][et_pb_row admin_label=&#8221;CTA Area&#8221; _builder_version=&#8221;4.19.5&#8243; custom_padding=&#8221;0px||0px|&#8221; animation_style=&#8221;zoom&#8221; global_colors_info=&#8221;{}&#8221;][et_pb_column type=&#8221;4_4&#8243; _builder_version=&#8221;4.16&#8243; custom_padding=&#8221;|||&#8221; global_colors_info=&#8221;{}&#8221; custom_padding__hover=&#8221;|||&#8221;][et_pb_code _builder_version=&#8221;4.19.5&#8243; _module_preset=&#8221;default&#8221; global_colors_info=&#8221;{}&#8221;]\n<div class=\"wpcf7 no-js\" id=\"wpcf7-f514-o1\" lang=\"en-US\" dir=\"ltr\" data-wpcf7-id=\"514\">\n<div class=\"screen-reader-response\"><p role=\"status\" aria-live=\"polite\" aria-atomic=\"true\"><\/p> <ul><\/ul><\/div>\n<form action=\"\/fr\/wp-json\/wp\/v2\/pages\/501#wpcf7-f514-o1\" method=\"post\" class=\"wpcf7-form init\" aria-label=\"Contact form\" novalidate=\"novalidate\" data-status=\"init\">\n<div style=\"display: none;\">\n<input type=\"hidden\" name=\"_wpcf7\" value=\"514\" \/>\n<input type=\"hidden\" name=\"_wpcf7_version\" value=\"6.0.6\" \/>\n<input type=\"hidden\" name=\"_wpcf7_locale\" value=\"en_US\" \/>\n<input type=\"hidden\" name=\"_wpcf7_unit_tag\" value=\"wpcf7-f514-o1\" \/>\n<input type=\"hidden\" name=\"_wpcf7_container_post\" value=\"0\" \/>\n<input type=\"hidden\" name=\"_wpcf7_posted_data_hash\" value=\"\" \/>\n<\/div>\n<div class=\"navi_contpage\">\n\t<p><span class=\"wpcf7-form-control-wrap\" data-name=\"text-132\"><input size=\"40\" maxlength=\"400\" class=\"wpcf7-form-control wpcf7-text wpcf7-validates-as-required\" aria-required=\"true\" aria-invalid=\"false\" placeholder=\"Prenom*\" value=\"\" type=\"text\" name=\"text-132\" \/><\/span>\n\t<\/p>\n\t<p><span class=\"wpcf7-form-control-wrap\" data-name=\"text-875\"><input size=\"40\" maxlength=\"400\" class=\"wpcf7-form-control wpcf7-text wpcf7-validates-as-required\" aria-required=\"true\" aria-invalid=\"false\" placeholder=\"Nom de famille*\" value=\"\" type=\"text\" name=\"text-875\" \/><\/span>\n\t<\/p>\n\t<p><span class=\"wpcf7-form-control-wrap\" data-name=\"text-714\"><input size=\"40\" maxlength=\"400\" class=\"wpcf7-form-control wpcf7-text wpcf7-validates-as-required\" aria-required=\"true\" aria-invalid=\"false\" placeholder=\"Entreprise*\" value=\"\" type=\"text\" name=\"text-714\" \/><\/span>\n\t<\/p>\n\t<p><span class=\"wpcf7-form-control-wrap\" data-name=\"email-315\"><input size=\"40\" maxlength=\"400\" class=\"wpcf7-form-control wpcf7-email wpcf7-validates-as-required wpcf7-text wpcf7-validates-as-email\" aria-required=\"true\" aria-invalid=\"false\" placeholder=\"Email*\" value=\"\" type=\"email\" name=\"email-315\" \/><\/span>\n\t<\/p>\n\t<p><span class=\"wpcf7-form-control-wrap\" data-name=\"tel-390\"><input size=\"40\" maxlength=\"400\" class=\"wpcf7-form-control wpcf7-tel wpcf7-validates-as-required wpcf7-text wpcf7-validates-as-tel\" aria-required=\"true\" aria-invalid=\"false\" placeholder=\"Num\u00e9ro de t\u00e9l\u00e9phone*\" value=\"\" type=\"tel\" name=\"tel-390\" \/><\/span>\n\t<\/p>\n\t<p><span class=\"wpcf7-form-control-wrap\" data-name=\"textarea-66\"><textarea cols=\"40\" rows=\"10\" maxlength=\"2000\" class=\"wpcf7-form-control wpcf7-textarea wpcf7-validates-as-required\" aria-required=\"true\" aria-invalid=\"false\" placeholder=\"Votre question*\" name=\"textarea-66\"><\/textarea><\/span>\n\t<\/p>\n\t<p>Leadership CQ s'engage \u00e0 prot\u00e9ger et \u00e0 respecter votre vie priv\u00e9e, et nous n'utiliserons vos informations personnelles que pour administrer votre compte et fournir les produits et services que vous nous avez demand\u00e9s. De temps en temps, nous aimerions vous contacter au sujet de nos produits et services, ainsi que d'autres contenus susceptibles de vous int\u00e9resser. Si vous consentez \u00e0 ce que nous vous contactions \u00e0 cette fin, veuillez cocher ci-dessous pour indiquer comment vous souhaitez que nous vous contactions :\n\t<\/p>\n\t<p><span class=\"wpcf7-form-control-wrap\" data-name=\"checkbox-755\"><span class=\"wpcf7-form-control wpcf7-checkbox wpcf7-validates-as-required\"><span class=\"wpcf7-list-item first last\"><label><input type=\"checkbox\" name=\"checkbox-755[]\" value=\"J&#039;accepte de recevoir d&#039;autres communications de Leadership CQ.*\" \/><span class=\"wpcf7-list-item-label\">J&#039;accepte de recevoir d&#039;autres communications de Leadership CQ.*<\/span><\/label><\/span><\/span><\/span>\n\t<\/p>\n\t<p>Afin de vous fournir le contenu demand\u00e9, nous devons stocker et traiter vos donn\u00e9es personnelles. Si vous consentez \u00e0 ce que nous stockions vos donn\u00e9es personnelles \u00e0 cette fin, veuillez cocher la case ci-dessous.\n\t<\/p>\n\t<p><span class=\"wpcf7-form-control-wrap\" data-name=\"checkbox-47\"><span class=\"wpcf7-form-control wpcf7-checkbox wpcf7-validates-as-required\"><span class=\"wpcf7-list-item first last\"><label><input type=\"checkbox\" name=\"checkbox-47[]\" value=\"J&#039;accepte que Leadership CQ stocke et traite mes donn\u00e9es personnelles.*\" \/><span class=\"wpcf7-list-item-label\">J&#039;accepte que Leadership CQ stocke et traite mes donn\u00e9es personnelles.*<\/span><\/label><\/span><\/span><\/span>\n\t<\/p>\n\t<p>Vous pouvez vous d\u00e9sabonner de ces communications \u00e0 tout moment. Pour plus d'informations sur la fa\u00e7on de vous d\u00e9sabonner, nos pratiques de confidentialit\u00e9 et la fa\u00e7on dont nous nous engageons \u00e0 prot\u00e9ger et \u00e0 respecter votre vie priv\u00e9e, veuillez consulter notre politique de confidentialit\u00e9.\n\t<\/p>\n\t<p><input class=\"wpcf7-form-control wpcf7-submit has-spinner\" type=\"submit\" value=\"SUBMIT\" \/>\n\t<\/p>\n<\/div><div class=\"wpcf7-response-output\" aria-hidden=\"true\"><\/div>\n<\/form>\n<\/div>\n[\/et_pb_code][\/et_pb_column][\/et_pb_row][\/et_pb_section]<\/p>\n","protected":false},"excerpt":{"rendered":"<p>CONTACT Nous aimerions avoir de vos nouvelles &#8211; vous pouvez nous envoyer un e-mail \u00e0 contact@leadershipcq.com Follow us on Facebook : @leadershipcq Follow us on Instagram : @leadershipcq Ou remplissez le formulaire ci-dessous Merci de remplir le formulaire et nous vous r\u00e9pondrons sous peu.\n<div class=\"wpcf7 no-js\" id=\"wpcf7-f514-o2\" lang=\"en-US\" dir=\"ltr\" data-wpcf7-id=\"514\">\n<div class=\"screen-reader-response\"><p role=\"status\" aria-live=\"polite\" aria-atomic=\"true\"><\/p> <ul><\/ul><\/div>\n<form action=\"\/fr\/wp-json\/wp\/v2\/pages\/501#wpcf7-f514-o2\" method=\"post\" class=\"wpcf7-form init\" aria-label=\"Contact form\" novalidate=\"novalidate\" data-status=\"init\">\n<div style=\"display: none;\">\n<input type=\"hidden\" name=\"_wpcf7\" value=\"514\" \/>\n<input type=\"hidden\" name=\"_wpcf7_version\" value=\"6.0.6\" \/>\n<input type=\"hidden\" name=\"_wpcf7_locale\" value=\"en_US\" \/>\n<input type=\"hidden\" name=\"_wpcf7_unit_tag\" value=\"wpcf7-f514-o2\" \/>\n<input type=\"hidden\" name=\"_wpcf7_container_post\" value=\"0\" \/>\n<input type=\"hidden\" name=\"_wpcf7_posted_data_hash\" value=\"\" \/>\n<\/div>\n<div class=\"navi_contpage\">\n\t<p><span class=\"wpcf7-form-control-wrap\" data-name=\"text-132\"><input size=\"40\" maxlength=\"400\" class=\"wpcf7-form-control wpcf7-text wpcf7-validates-as-required\" aria-required=\"true\" aria-invalid=\"false\" placeholder=\"Prenom*\" value=\"\" type=\"text\" name=\"text-132\" \/><\/span>\n\t<\/p>\n\t<p><span class=\"wpcf7-form-control-wrap\" data-name=\"text-875\"><input size=\"40\" maxlength=\"400\" class=\"wpcf7-form-control wpcf7-text wpcf7-validates-as-required\" aria-required=\"true\" aria-invalid=\"false\" placeholder=\"Nom de famille*\" value=\"\" type=\"text\" name=\"text-875\" \/><\/span>\n\t<\/p>\n\t<p><span class=\"wpcf7-form-control-wrap\" data-name=\"text-714\"><input size=\"40\" maxlength=\"400\" class=\"wpcf7-form-control wpcf7-text wpcf7-validates-as-required\" aria-required=\"true\" aria-invalid=\"false\" placeholder=\"Entreprise*\" value=\"\" type=\"text\" name=\"text-714\" \/><\/span>\n\t<\/p>\n\t<p><span class=\"wpcf7-form-control-wrap\" data-name=\"email-315\"><input size=\"40\" maxlength=\"400\" class=\"wpcf7-form-control wpcf7-email wpcf7-validates-as-required wpcf7-text wpcf7-validates-as-email\" aria-required=\"true\" aria-invalid=\"false\" placeholder=\"Email*\" value=\"\" type=\"email\" name=\"email-315\" \/><\/span>\n\t<\/p>\n\t<p><span class=\"wpcf7-form-control-wrap\" data-name=\"tel-390\"><input size=\"40\" maxlength=\"400\" class=\"wpcf7-form-control wpcf7-tel wpcf7-validates-as-required wpcf7-text wpcf7-validates-as-tel\" aria-required=\"true\" aria-invalid=\"false\" placeholder=\"Num\u00e9ro de t\u00e9l\u00e9phone*\" value=\"\" type=\"tel\" name=\"tel-390\" \/><\/span>\n\t<\/p>\n\t<p><span class=\"wpcf7-form-control-wrap\" data-name=\"textarea-66\"><textarea cols=\"40\" rows=\"10\" maxlength=\"2000\" class=\"wpcf7-form-control wpcf7-textarea wpcf7-validates-as-required\" aria-required=\"true\" aria-invalid=\"false\" placeholder=\"Votre question*\" name=\"textarea-66\"><\/textarea><\/span>\n\t<\/p>\n\t<p>Leadership CQ s'engage \u00e0 prot\u00e9ger et \u00e0 respecter votre vie priv\u00e9e, et nous n'utiliserons vos informations personnelles que pour administrer votre compte et fournir les produits et services que vous nous avez demand\u00e9s. De temps en temps, nous aimerions vous contacter au sujet de nos produits et services, ainsi que d'autres contenus susceptibles de vous int\u00e9resser. Si vous consentez \u00e0 ce que nous vous contactions \u00e0 cette fin, veuillez cocher ci-dessous pour indiquer comment vous souhaitez que nous vous contactions :\n\t<\/p>\n\t<p><span class=\"wpcf7-form-control-wrap\" data-name=\"checkbox-755\"><span class=\"wpcf7-form-control wpcf7-checkbox wpcf7-validates-as-required\"><span class=\"wpcf7-list-item first last\"><label><input type=\"checkbox\" name=\"checkbox-755[]\" value=\"J&#039;accepte de recevoir d&#039;autres communications de Leadership CQ.*\" \/><span class=\"wpcf7-list-item-label\">J&#039;accepte de recevoir d&#039;autres communications de Leadership CQ.*<\/span><\/label><\/span><\/span><\/span>\n\t<\/p>\n\t<p>Afin de vous fournir le contenu demand\u00e9, nous devons stocker et traiter vos donn\u00e9es personnelles. Si vous consentez \u00e0 ce que nous stockions vos donn\u00e9es personnelles \u00e0 cette fin, veuillez cocher la case ci-dessous.\n\t<\/p>\n\t<p><span class=\"wpcf7-form-control-wrap\" data-name=\"checkbox-47\"><span class=\"wpcf7-form-control wpcf7-checkbox wpcf7-validates-as-required\"><span class=\"wpcf7-list-item first last\"><label><input type=\"checkbox\" name=\"checkbox-47[]\" value=\"J&#039;accepte que Leadership CQ stocke et traite mes donn\u00e9es personnelles.*\" \/><span class=\"wpcf7-list-item-label\">J&#039;accepte que Leadership CQ stocke et traite mes donn\u00e9es personnelles.*<\/span><\/label><\/span><\/span><\/span>\n\t<\/p>\n\t<p>Vous pouvez vous d\u00e9sabonner de ces communications \u00e0 tout moment. Pour plus d'informations sur la fa\u00e7on de vous d\u00e9sabonner, nos pratiques de confidentialit\u00e9 et la fa\u00e7on dont nous nous engageons \u00e0 prot\u00e9ger et \u00e0 respecter votre vie priv\u00e9e, veuillez consulter notre politique de confidentialit\u00e9.\n\t<\/p>\n\t<p><input class=\"wpcf7-form-control wpcf7-submit has-spinner\" type=\"submit\" value=\"SUBMIT\" \/>\n\t<\/p>\n<\/div><div class=\"wpcf7-response-output\" aria-hidden=\"true\"><\/div>\n<\/form>\n<\/div>\n<\/p>\n","protected":false},"author":1,"featured_media":0,"parent":0,"menu_order":0,"comment_status":"closed","ping_status":"closed","template":"","meta":{"_et_pb_use_builder":"on","_et_pb_old_content":"<!-- wp:divi\/placeholder \/-->","_et_gb_content_width":"","footnotes":""},"class_list":["post-501","page","type-page","status-publish","hentry"],"_links":{"self":[{"href":"https:\/\/www.leadershipcq.com\/fr\/wp-json\/wp\/v2\/pages\/501","targetHints":{"allow":["GET"]}}],"collection":[{"href":"https:\/\/www.leadershipcq.com\/fr\/wp-json\/wp\/v2\/pages"}],"about":[{"href":"https:\/\/www.leadershipcq.com\/fr\/wp-json\/wp\/v2\/types\/page"}],"author":[{"embeddable":true,"href":"https:\/\/www.leadershipcq.com\/fr\/wp-json\/wp\/v2\/users\/1"}],"replies":[{"embeddable":true,"href":"https:\/\/www.leadershipcq.com\/fr\/wp-json\/wp\/v2\/comments?post=501"}],"version-history":[{"count":8,"href":"https:\/\/www.leadershipcq.com\/fr\/wp-json\/wp\/v2\/pages\/501\/revisions"}],"predecessor-version":[{"id":1522,"href":"https:\/\/www.leadershipcq.com\/fr\/wp-json\/wp\/v2\/pages\/501\/revisions\/1522"}],"wp:attachment":[{"href":"https:\/\/www.leadershipcq.com\/fr\/wp-json\/wp\/v2\/media?parent=501"}],"curies":[{"name":"wp","href":"https:\/\/api.w.org\/{rel}","templated":true}]}}