{"id":422,"date":"2023-02-10T06:59:36","date_gmt":"2023-02-10T06:59:36","guid":{"rendered":"https:\/\/zip42lab.com\/lcq\/?page_id=422"},"modified":"2026-03-23T18:17:08","modified_gmt":"2026-03-23T18:17:08","slug":"who","status":"publish","type":"page","link":"https:\/\/www.leadershipcq.com\/fr\/who\/","title":{"rendered":"Qui"},"content":{"rendered":"<p>[et_pb_section fb_built=&#8221;1&#8243; admin_label=&#8221;Feature Section&#8221; _builder_version=&#8221;4.19.5&#8243; background_enable_color=&#8221;off&#8221; background_enable_image=&#8221;off&#8221; custom_padding=&#8221;22px||10px||false|false&#8221; global_colors_info=&#8221;{}&#8221;][et_pb_row column_structure=&#8221;1_2,1_2&#8243; make_equal=&#8221;on&#8221; _builder_version=&#8221;4.19.5&#8243; _module_preset=&#8221;default&#8221; custom_margin=&#8221;|auto|10px|auto||&#8221; custom_padding=&#8221;14px||12px|||&#8221; animation_style=&#8221;zoom&#8221; global_colors_info=&#8221;{}&#8221;][et_pb_column type=&#8221;1_2&#8243; module_class=&#8221;hm_why&#8221; _builder_version=&#8221;4.19.5&#8243; _module_preset=&#8221;default&#8221; global_colors_info=&#8221;{}&#8221;][et_pb_text _builder_version=&#8221;4.19.5&#8243; _module_preset=&#8221;default&#8221; header_2_text_color=&#8221;#c44729&#8243; global_colors_info=&#8221;{}&#8221;]<\/p>\n<h2>QUI<\/h2>\n<p>[\/et_pb_text][\/et_pb_column][et_pb_column type=&#8221;1_2&#8243; _builder_version=&#8221;4.19.5&#8243; _module_preset=&#8221;default&#8221; global_colors_info=&#8221;{}&#8221;][et_pb_text _builder_version=&#8221;4.20.0&#8243; _module_preset=&#8221;default&#8221; text_text_color=&#8221;#000000&#8243; global_colors_info=&#8221;{}&#8221;]<\/p>\n<div class=\"rightcontanerwhy\">\n<p data-start=\"87\" data-end=\"474\">LeadershipCQ est un r\u00e9seau international de conseillers seniors, de facilitateurs et de chercheurs, r\u00e9unis par un engagement commun en faveur d\u2019un leadership inclusif et culturellement intelligent. Notre communaut\u00e9 mondiale intervient \u00e0 travers diff\u00e9rentes r\u00e9gions et en plusieurs langues, en combinant rigueur intellectuelle et compr\u00e9hension approfondie des dynamiques manag\u00e9riales.<\/p>\n<p data-start=\"476\" data-end=\"730\">Fond\u00e9 par Vanessa Barros, PhD, et Am\u00e9lie Devaux, deux praticiennes disposant d\u2019une solide exp\u00e9rience manag\u00e9riale internationale, LeadershipCQ rassemble des perspectives vari\u00e9es issues du monde de l\u2019entreprise, du leadership et de la recherche acad\u00e9mique.<\/p>\n<\/div>\n<p>[\/et_pb_text][\/et_pb_column][\/et_pb_row][\/et_pb_section][et_pb_section fb_built=&#8221;1&#8243; admin_label=&#8221;CTA Section&#8221; _builder_version=&#8221;4.20.2&#8243; min_height=&#8221;145px&#8221; custom_margin=&#8221;9px||26px|||&#8221; custom_padding=&#8221;0px||0px||false|false&#8221; global_colors_info=&#8221;{}&#8221; background_color=&#8221;#c44729&#8243; background_enable_image=&#8221;off&#8221; hover_enabled=&#8221;0&#8243; sticky_enabled=&#8221;0&#8243;][et_pb_row _builder_version=&#8221;4.20.2&#8243; _module_preset=&#8221;default&#8221;][et_pb_column _builder_version=&#8221;4.20.2&#8243; _module_preset=&#8221;default&#8221; type=&#8221;4_4&#8243;][et_pb_text _builder_version=&#8221;4.20.2&#8243; _module_preset=&#8221;default&#8221; text_font_size=&#8221;60px&#8221; header_text_align=&#8221;center&#8221; header_font_size=&#8221;48px&#8221; header_2_font=&#8221;||||||||&#8221; header_2_font_size=&#8221;80px&#8221; text_orientation=&#8221;center&#8221; background_layout=&#8221;dark&#8221; custom_padding=&#8221;15px||||false|false&#8221; hover_enabled=&#8221;0&#8243; header_font_size_tablet=&#8221;70px&#8221; header_font_size_phone=&#8221;58px&#8221; header_font_size_last_edited=&#8221;on|phone&#8221; header_2_font_size_tablet=&#8221;80px&#8221; header_2_font_size_phone=&#8221;60px&#8221; header_2_font_size_last_edited=&#8221;on|phone&#8221; global_colors_info=&#8221;{}&#8221; sticky_enabled=&#8221;0&#8243; locked=&#8221;off&#8221;]<\/p>\n<h2 style=\"text-align: center;\"><span style=\"color: #ffffff;\">FACILITATEURS EXPERTS INTERNATIONAUX<\/span><\/h2>\n<p>[\/et_pb_text][\/et_pb_column][\/et_pb_row][\/et_pb_section][et_pb_section fb_built=&#8221;1&#8243; _builder_version=&#8221;4.20.2&#8243; _module_preset=&#8221;default&#8221; global_colors_info=&#8221;{}&#8221;][et_pb_row _builder_version=&#8221;4.20.2&#8243; _module_preset=&#8221;default&#8221; global_colors_info=&#8221;{}&#8221;][et_pb_column type=&#8221;4_4&#8243; _builder_version=&#8221;4.20.2&#8243; _module_preset=&#8221;default&#8221; global_colors_info=&#8221;{}&#8221;][et_pb_image src=&#8221;https:\/\/www.leadershipcq.com\/fr\/wp-content\/uploads\/2026\/03\/2-2.png&#8221; title_text=&#8221;2&#8243; _builder_version=&#8221;4.20.2&#8243; _module_preset=&#8221;default&#8221; custom_margin=&#8221;-73px|||||&#8221; custom_padding=&#8221;0px|||||&#8221; hover_enabled=&#8221;0&#8243; global_colors_info=&#8221;{}&#8221; sticky_enabled=&#8221;0&#8243;][\/et_pb_image][\/et_pb_column][\/et_pb_row][\/et_pb_section][et_pb_section fb_built=&#8221;1&#8243; admin_label=&#8221;CTA Section&#8221; _builder_version=&#8221;4.19.5&#8243; background_enable_color=&#8221;off&#8221; custom_padding=&#8221;36px||40px||false|false&#8221; animation_style=&#8221;zoom&#8221; global_colors_info=&#8221;{}&#8221;][et_pb_row admin_label=&#8221;CTA Area&#8221; _builder_version=&#8221;4.16&#8243; custom_margin=&#8221;-82px|auto||auto||&#8221; custom_padding=&#8221;0px||0px|&#8221; global_colors_info=&#8221;{}&#8221;][et_pb_column type=&#8221;4_4&#8243; _builder_version=&#8221;4.16&#8243; custom_padding=&#8221;|||&#8221; global_colors_info=&#8221;{}&#8221; custom_padding__hover=&#8221;|||&#8221;][et_pb_code _builder_version=&#8221;4.20.2&#8243; _module_preset=&#8221;default&#8221; text_orientation=&#8221;center&#8221; custom_margin=&#8221;30px||30px||false|false&#8221; global_colors_info=&#8221;{}&#8221;]<a class=\"mexpts\" href=\"https:\/\/www.leadershipcq.com\/fr\/meet-our-experts\/\" style=\"<!-- [et_pb_line_break_holder] -->    color: #fff;<!-- [et_pb_line_break_holder] -->&#8220;>D\u00e9couvrir les profils des experts<\/a>[\/et_pb_code][\/et_pb_column][\/et_pb_row][\/et_pb_section][et_pb_section fb_built=&#8221;1&#8243; admin_label=&#8221;CTA Section&#8221; _builder_version=&#8221;4.20.2&#8243; min_height=&#8221;145px&#8221; custom_margin=&#8221;9px||26px|||&#8221; custom_padding=&#8221;0px||0px||false|false&#8221; global_colors_info=&#8221;{}&#8221; background_color=&#8221;#c44729&#8243; background_enable_image=&#8221;off&#8221; hover_enabled=&#8221;0&#8243; sticky_enabled=&#8221;0&#8243;][et_pb_row _builder_version=&#8221;4.20.2&#8243; _module_preset=&#8221;default&#8221;][et_pb_column _builder_version=&#8221;4.20.2&#8243; _module_preset=&#8221;default&#8221; type=&#8221;4_4&#8243;][et_pb_text _builder_version=&#8221;4.20.2&#8243; _module_preset=&#8221;default&#8221; text_font_size=&#8221;60px&#8221; header_text_align=&#8221;center&#8221; header_font_size=&#8221;48px&#8221; header_2_font=&#8221;||||||||&#8221; header_2_font_size=&#8221;80px&#8221; text_orientation=&#8221;center&#8221; background_layout=&#8221;dark&#8221; custom_padding=&#8221;15px||||false|false&#8221; hover_enabled=&#8221;0&#8243; header_font_size_tablet=&#8221;70px&#8221; header_font_size_phone=&#8221;58px&#8221; header_font_size_last_edited=&#8221;on|phone&#8221; header_2_font_size_tablet=&#8221;80px&#8221; header_2_font_size_phone=&#8221;60px&#8221; header_2_font_size_last_edited=&#8221;on|phone&#8221; global_colors_info=&#8221;{}&#8221; sticky_enabled=&#8221;0&#8243; locked=&#8221;off&#8221;]<\/p>\n<h2 style=\"text-align: center;\">NOS FONDATRICES<\/h2>\n<p>[\/et_pb_text][\/et_pb_column][\/et_pb_row][\/et_pb_section][et_pb_section fb_built=&#8221;1&#8243; admin_label=&#8221;CTA Section&#8221; _builder_version=&#8221;4.19.5&#8243; background_enable_color=&#8221;off&#8221; custom_padding=&#8221;36px||40px||false|false&#8221; global_colors_info=&#8221;{}&#8221;][et_pb_row column_structure=&#8221;1_3,2_3&#8243; admin_label=&#8221;CTA Area&#8221; _builder_version=&#8221;4.19.5&#8243; custom_padding=&#8221;0px||0px|&#8221; animation_style=&#8221;zoom&#8221; global_colors_info=&#8221;{}&#8221;][et_pb_column type=&#8221;1_3&#8243; _builder_version=&#8221;4.16&#8243; custom_padding=&#8221;|||&#8221; global_colors_info=&#8221;{}&#8221; custom_padding__hover=&#8221;|||&#8221;][et_pb_image src=&#8221;https:\/\/www.leadershipcq.com\/fr\/wp-content\/uploads\/2026\/03\/WhatsApp-Image-2025-11-27-at-08.17.25-1.jpeg&#8221; title_text=&#8221;WhatsApp Image 2025-11-27 at 08.17.25 (1)&#8221; _builder_version=&#8221;4.20.2&#8243; _module_preset=&#8221;default&#8221; global_colors_info=&#8221;{}&#8221;][\/et_pb_image][\/et_pb_column][et_pb_column type=&#8221;2_3&#8243; _builder_version=&#8221;4.16&#8243; custom_padding=&#8221;|||&#8221; global_colors_info=&#8221;{}&#8221; custom_padding__hover=&#8221;|||&#8221;][et_pb_text _builder_version=&#8221;4.19.5&#8243; text_font=&#8221;||||||||&#8221; text_text_color=&#8221;#000000&#8243; text_font_size=&#8221;20px&#8221; text_line_height=&#8221;1.6em&#8221; link_font=&#8221;Open Sans||||||||&#8221; link_text_color=&#8221;#0099e5&#8243; link_font_size=&#8221;18px&#8221; header_2_font=&#8221;|700|||||||&#8221; header_2_text_color=&#8221;#f27b13&#8243; header_2_font_size=&#8221;45px&#8221; header_3_font=&#8221;|700|||||||&#8221; header_3_font_size=&#8221;26px&#8221; module_alignment=&#8221;center&#8221; custom_margin=&#8221;||17px|||&#8221; custom_padding=&#8221;|||&#8221; global_colors_info=&#8221;{}&#8221;]<\/p>\n<h3>Vanessa Barros, PhD<\/h3>\n<p>[\/et_pb_text][et_pb_text _builder_version=&#8221;4.20.0&#8243; text_font=&#8221;||||||||&#8221; text_text_color=&#8221;#000000&#8243; text_font_size=&#8221;20px&#8221; text_line_height=&#8221;1.6em&#8221; link_font=&#8221;Open Sans||||||||&#8221; link_text_color=&#8221;#0099e5&#8243; link_font_size=&#8221;18px&#8221; header_2_font=&#8221;|700|||||||&#8221; header_2_text_color=&#8221;#f27b13&#8243; header_2_font_size=&#8221;45px&#8221; header_3_font=&#8221;|700|||||||&#8221; header_3_font_size=&#8221;26px&#8221; text_orientation=&#8221;justified&#8221; module_alignment=&#8221;center&#8221; custom_margin=&#8221;||18px|||&#8221; custom_padding=&#8221;|||&#8221; global_colors_info=&#8221;{}&#8221;]Vanessa est auteure, conseill\u00e8re aux cadres sup\u00e9rieurs, formatrice, conf\u00e9renci\u00e8re et consultante en Inclusion et intelligence culturelle (CQ). D&#8217;origine multiculturelle elle-m\u00eame, elle a v\u00e9cu et travaill\u00e9 sur 4 continents et 8 pays ; parle couramment 4 langues ; et vit maintenant entre Lisbonne, Bruxelles et Paris. Ses 3 fils ont 3 nationalit\u00e9s. Avant d&#8217;obtenir son doctorat en intelligence culturelle \u00e0 la Nanyang Business School de Singapour en 2018, Vanessa a travaill\u00e9 comme cadre sup\u00e9rieur dans l&#8217;industrie de la publicit\u00e9 pendant plus de 20 ans, g\u00e9rant des comptes locaux, r\u00e9gionaux et mondiaux pour des clients de premier ordre, notamment InBev, Chivas Regal, Reckitt Benckiser, Nina Ricci, Procter &#038; Gamble, Lolita Lempicka, Danone, Kraft Foods, Peugeot et Unilever. Cr\u00e9ativit\u00e9, G\u00e9n\u00e9rosit\u00e9 et Joie sont les trois valeurs qui guident l&#8217;accomplissement de sa vie.[\/et_pb_text][et_pb_text _builder_version=&#8221;4.20.2&#8243; _module_preset=&#8221;default&#8221; hover_enabled=&#8221;0&#8243; global_colors_info=&#8221;{}&#8221; sticky_enabled=&#8221;0&#8243;]<\/p>\n<div class=\"introright\">\n<p><a href=\"https:\/\/www.linkedin.com\/in\/vanessabarrosleadershipcq\/\" target=\"_blank\" rel=\"noopener\">Retrouvez Vanessa sur LinkedIn<\/a><\/p>\n<\/div>\n<p>[\/et_pb_text][\/et_pb_column][\/et_pb_row][et_pb_row column_structure=&#8221;1_3,2_3&#8243; admin_label=&#8221;CTA Area&#8221; _builder_version=&#8221;4.19.5&#8243; custom_padding=&#8221;40px||20px||false|false&#8221; animation_style=&#8221;zoom&#8221; global_colors_info=&#8221;{}&#8221;][et_pb_column type=&#8221;1_3&#8243; _builder_version=&#8221;4.16&#8243; custom_padding=&#8221;|||&#8221; global_colors_info=&#8221;{}&#8221; custom_padding__hover=&#8221;|||&#8221;][et_pb_image src=&#8221;https:\/\/www.leadershipcq.com\/fr\/wp-content\/uploads\/2023\/02\/venessatwo.7.png&#8221; title_text=&#8221;venessatwo.7&#8243; _builder_version=&#8221;4.20.0&#8243; _module_preset=&#8221;default&#8221; global_colors_info=&#8221;{}&#8221;][\/et_pb_image][\/et_pb_column][et_pb_column type=&#8221;2_3&#8243; _builder_version=&#8221;4.16&#8243; custom_padding=&#8221;|||&#8221; global_colors_info=&#8221;{}&#8221; custom_padding__hover=&#8221;|||&#8221;][et_pb_text _builder_version=&#8221;4.19.5&#8243; text_font=&#8221;||||||||&#8221; text_text_color=&#8221;#000000&#8243; text_font_size=&#8221;20px&#8221; text_line_height=&#8221;1.6em&#8221; link_font=&#8221;Open Sans||||||||&#8221; link_text_color=&#8221;#0099e5&#8243; link_font_size=&#8221;18px&#8221; header_2_font=&#8221;|700|||||||&#8221; header_2_text_color=&#8221;#f27b13&#8243; header_2_font_size=&#8221;45px&#8221; header_3_font=&#8221;|700|||||||&#8221; header_3_font_size=&#8221;26px&#8221; module_alignment=&#8221;center&#8221; custom_margin=&#8221;||17px|||&#8221; custom_padding=&#8221;|||&#8221; global_colors_info=&#8221;{}&#8221;]<\/p>\n<h3>Am\u00e9lie Devaux<\/h3>\n<p>[\/et_pb_text][et_pb_text _builder_version=&#8221;4.20.0&#8243; text_font=&#8221;||||||||&#8221; text_text_color=&#8221;#000000&#8243; text_font_size=&#8221;20px&#8221; text_line_height=&#8221;1.6em&#8221; link_font=&#8221;Open Sans||||||||&#8221; link_text_color=&#8221;#0099e5&#8243; link_font_size=&#8221;18px&#8221; header_2_font=&#8221;|700|||||||&#8221; header_2_text_color=&#8221;#f27b13&#8243; header_2_font_size=&#8221;45px&#8221; header_3_font=&#8221;|700|||||||&#8221; header_3_font_size=&#8221;26px&#8221; text_orientation=&#8221;justified&#8221; module_alignment=&#8221;center&#8221; custom_margin=&#8221;||18px|||&#8221; custom_padding=&#8221;|||&#8221; global_colors_info=&#8221;{}&#8221;]Am\u00e9lie a d\u00e9but\u00e9 sa carri\u00e8re dans la Finance en travaillant pour KPMG \u00e0 Paris puis pour Suez Environnement au Maroc. De nouvelles opportunit\u00e9s professionnelles en France et en Asie l&#8217;ont amen\u00e9e \u00e0 s&#8217;orienter vers la gestion de carri\u00e8re pour cadres et \u00e9tudiants internationaux. Les \u00e9carts culturels qu&#8217;elle a connus au cours de ses quatre expatriations (Maroc 7 ans \/ Indon\u00e9sie 4 ans et \u00c9tats-Unis 3 ans) et son handicap visuel actuel l&#8217;ont motiv\u00e9e \u00e0 explorer la diversit\u00e9 et l&#8217;inclusion en milieu de travail. Elle a rencontr\u00e9 \u00e0 travers toutes ses exp\u00e9riences en d\u00e9veloppement de carri\u00e8re, en recherche d&#8217;emploi et en gestion interculturelle les joies de d\u00e9couvrir comment s&#8217;adapter, en affaires, \u00e0 des cultures totalement diff\u00e9rentes.[\/et_pb_text][et_pb_text _builder_version=&#8221;4.20.2&#8243; _module_preset=&#8221;default&#8221; hover_enabled=&#8221;0&#8243; global_colors_info=&#8221;{}&#8221; sticky_enabled=&#8221;0&#8243;]<\/p>\n<div class=\"introright\">\n<p><a href=\"https:\/\/www.linkedin.com\/in\/am%C3%A9lie-devaux-85a3a6a4\/\" target=\"_blank\" rel=\"noopener\">Retrouvez Am\u00e9lie <\/a><span style=\"font-size: 14px;\"><\/span><a href=\"https:\/\/www.linkedin.com\/in\/am%C3%A9lie-devaux-85a3a6a4\/\" target=\"_blank\" rel=\"noopener\">sur LinkedIn<\/a><\/p>\n<\/div>\n<p>[\/et_pb_text][\/et_pb_column][\/et_pb_row][\/et_pb_section]<\/p>\n","protected":false},"excerpt":{"rendered":"<p>QUI LeadershipCQ est un r\u00e9seau international de conseillers seniors, de facilitateurs et de chercheurs, r\u00e9unis par un engagement commun en faveur d\u2019un leadership inclusif et culturellement intelligent. Notre communaut\u00e9 mondiale intervient \u00e0 travers diff\u00e9rentes r\u00e9gions et en plusieurs langues, en combinant rigueur intellectuelle et compr\u00e9hension approfondie des dynamiques manag\u00e9riales. Fond\u00e9 par Vanessa Barros, PhD, et [&hellip;]<\/p>\n","protected":false},"author":1,"featured_media":0,"parent":0,"menu_order":0,"comment_status":"closed","ping_status":"closed","template":"","meta":{"_et_pb_use_builder":"on","_et_pb_old_content":"<!-- wp:divi\/placeholder \/-->","_et_gb_content_width":"","footnotes":""},"class_list":["post-422","page","type-page","status-publish","hentry"],"_links":{"self":[{"href":"https:\/\/www.leadershipcq.com\/fr\/wp-json\/wp\/v2\/pages\/422","targetHints":{"allow":["GET"]}}],"collection":[{"href":"https:\/\/www.leadershipcq.com\/fr\/wp-json\/wp\/v2\/pages"}],"about":[{"href":"https:\/\/www.leadershipcq.com\/fr\/wp-json\/wp\/v2\/types\/page"}],"author":[{"embeddable":true,"href":"https:\/\/www.leadershipcq.com\/fr\/wp-json\/wp\/v2\/users\/1"}],"replies":[{"embeddable":true,"href":"https:\/\/www.leadershipcq.com\/fr\/wp-json\/wp\/v2\/comments?post=422"}],"version-history":[{"count":44,"href":"https:\/\/www.leadershipcq.com\/fr\/wp-json\/wp\/v2\/pages\/422\/revisions"}],"predecessor-version":[{"id":2217,"href":"https:\/\/www.leadershipcq.com\/fr\/wp-json\/wp\/v2\/pages\/422\/revisions\/2217"}],"wp:attachment":[{"href":"https:\/\/www.leadershipcq.com\/fr\/wp-json\/wp\/v2\/media?parent=422"}],"curies":[{"name":"wp","href":"https:\/\/api.w.org\/{rel}","templated":true}]}}