{"id":234,"date":"2023-02-09T09:43:05","date_gmt":"2023-02-09T09:43:05","guid":{"rendered":"http:\/\/localhost\/lcq\/?page_id=234"},"modified":"2025-05-28T12:59:32","modified_gmt":"2025-05-28T12:59:32","slug":"how","status":"publish","type":"page","link":"https:\/\/www.leadershipcq.com\/fr\/how\/","title":{"rendered":"Comment"},"content":{"rendered":"<p>[et_pb_section fb_built=&#8221;1&#8243; admin_label=&#8221;Feature Section&#8221; _builder_version=&#8221;4.19.5&#8243; background_enable_color=&#8221;off&#8221; background_enable_image=&#8221;off&#8221; custom_padding=&#8221;22px||13px||false|false&#8221; global_colors_info=&#8221;{}&#8221;][et_pb_row column_structure=&#8221;1_2,1_2&#8243; make_equal=&#8221;on&#8221; _builder_version=&#8221;4.19.5&#8243; _module_preset=&#8221;default&#8221; custom_margin=&#8221;5px|auto|12px|auto||&#8221; custom_padding=&#8221;14px||12px|||&#8221; animation_style=&#8221;slide&#8221; global_colors_info=&#8221;{}&#8221;][et_pb_column type=&#8221;1_2&#8243; module_class=&#8221;hm_why&#8221; _builder_version=&#8221;4.19.5&#8243; _module_preset=&#8221;default&#8221; global_colors_info=&#8221;{}&#8221;][et_pb_text _builder_version=&#8221;4.19.5&#8243; _module_preset=&#8221;default&#8221; header_2_text_color=&#8221;#605e5e&#8221; global_colors_info=&#8221;{}&#8221;]<\/p>\n<h2><span>COMMENT<\/span><\/h2>\n<p>[\/et_pb_text][\/et_pb_column][et_pb_column type=&#8221;1_2&#8243; _builder_version=&#8221;4.19.5&#8243; _module_preset=&#8221;default&#8221; global_colors_info=&#8221;{}&#8221;][et_pb_text _builder_version=&#8221;4.20.0&#8243; _module_preset=&#8221;default&#8221; text_text_color=&#8221;#383838&#8243; global_colors_info=&#8221;{}&#8221;]<\/p>\n<div class=\"rightcontanerwhy\">\n<p>En tant qu&#8217;anciens dirigeants d&#8217;entreprise nous-m\u00eames, nous avons constat\u00e9 que la diversit\u00e9 peut se retourner contre elle si elle n&#8217;est pas bien g\u00e9r\u00e9e. Nous partageons des outils puissants pour stimuler les performances des \u00e9quipes diversifi\u00e9es en favorisant une culture d&#8217;inclusion sur le lieu de travail.<\/p>\n<\/div>\n<p>[\/et_pb_text][\/et_pb_column][\/et_pb_row][\/et_pb_section][et_pb_section fb_built=&#8221;1&#8243; admin_label=&#8221;CTA Section&#8221; _builder_version=&#8221;4.19.5&#8243; background_color=&#8221;#7c7c7c&#8221; custom_padding=&#8221;36px||40px||false|false&#8221; global_colors_info=&#8221;{}&#8221;][et_pb_row admin_label=&#8221;CTA Area&#8221; _builder_version=&#8221;4.16&#8243; custom_padding=&#8221;0px||0px|&#8221; global_colors_info=&#8221;{}&#8221;][et_pb_column type=&#8221;4_4&#8243; _builder_version=&#8221;4.16&#8243; custom_padding=&#8221;|||&#8221; global_colors_info=&#8221;{}&#8221; custom_padding__hover=&#8221;|||&#8221;][et_pb_text _builder_version=&#8221;4.20.0&#8243; text_font=&#8221;||||||||&#8221; text_text_color=&#8221;#000000&#8243; text_line_height=&#8221;1.5em&#8221; link_font=&#8221;Open Sans||||||||&#8221; link_text_color=&#8221;#0099e5&#8243; link_font_size=&#8221;18px&#8221; header_2_text_color=&#8221;#FFFFFF&#8221; module_alignment=&#8221;center&#8221; custom_margin=&#8221;|||&#8221; custom_padding=&#8221;|||&#8221; animation_style=&#8221;slide&#8221; animation_direction=&#8221;left&#8221; text_orientation_tablet=&#8221;&#8221; text_orientation_phone=&#8221;justified&#8221; text_orientation_last_edited=&#8221;on|phone&#8221; global_colors_info=&#8221;{}&#8221;]<\/p>\n<div class=\"para\">\n<h2>NOTRE AVIS SUR D &#038; I<\/h2>\n<\/div>\n<div class=\"take\">\n<p>Contrairement \u00e0 certains mouvements plus radicaux qui polarisent les groupes sociaux et tendent \u00e0 culpabiliser les cadres, nous pr\u00f4nons une psychologie positive non clivante.<br \/>\nNous partons du principe que l&#8217;inclusion n&#8217;est pas ce que notre cerveau fait naturellement.<br \/>\nSi nous ne pr\u00eatons pas attention, nous pouvons accidentellement exclure.<\/p>\n<p>Nous encourageons la responsabilit\u00e9, l&#8217;empathie et l&#8217;acceptation dans un cheminement diff\u00e9rent pour chacun d&#8217;entre nous.<\/p>\n<p>Certains d&#8217;entre nous \u00e9taient souvent majoritaires, d&#8217;autres souvent minoritaires. Certains d&#8217;entre nous ont \u00e9t\u00e9 form\u00e9s \u00e0 la diversit\u00e9 toute leur vie, d&#8217;autres non.<br \/>\nNous pouvons tous d\u00e9lib\u00e9r\u00e9ment pratiquer un leadership inclusif \u00e0 notre rythme, dans un environnement de s\u00e9curit\u00e9 psychologique.<\/p>\n<\/div>\n<p>[\/et_pb_text][et_pb_text _builder_version=&#8221;4.20.0&#8243; _module_preset=&#8221;default&#8221; global_colors_info=&#8221;{}&#8221;]<\/p>\n<div class=\"acebtn\"><a href=\"https:\/\/www.leadershipcq.com\/fr\/ace-workshop\/\">ATELIERS ACE<\/a><\/div>\n<div class=\"acebtn\"><a href=\"https:\/\/www.leadershipcq.com\/fr\/wp-content\/uploads\/2023\/02\/LCQ-Brochure-2023-FR.pdf\">LEADERSHIP INCLUSIF<\/a><\/div>\n<div class=\"acebtn\"><a href=\"https:\/\/www.leadershipcq.com\/fr\/wp-content\/uploads\/2023\/02\/image004.jpg\" target=\"_blank\" rel=\"noopener\">STRAT\u00c9GIE GLOBALE D&amp;I<\/a><\/div>\n<p>[\/et_pb_text][\/et_pb_column][\/et_pb_row][\/et_pb_section][et_pb_section fb_built=&#8221;1&#8243; admin_label=&#8221;Feature Section&#8221; _builder_version=&#8221;4.19.5&#8243; background_enable_color=&#8221;off&#8221; background_enable_image=&#8221;off&#8221; custom_padding=&#8221;22px||13px||false|false&#8221; global_colors_info=&#8221;{}&#8221;][et_pb_row make_equal=&#8221;on&#8221; _builder_version=&#8221;4.19.5&#8243; _module_preset=&#8221;default&#8221; custom_margin=&#8221;|auto|14px|auto||&#8221; custom_padding=&#8221;14px||12px|||&#8221; global_colors_info=&#8221;{}&#8221;][et_pb_column type=&#8221;4_4&#8243; _builder_version=&#8221;4.19.5&#8243; _module_preset=&#8221;default&#8221; global_colors_info=&#8221;{}&#8221;][et_pb_text _builder_version=&#8221;4.20.0&#8243; _module_preset=&#8221;default&#8221; text_text_color=&#8221;#383838&#8243; header_3_font=&#8221;Source Serif Pro||||||||&#8221; header_4_font=&#8221;Source Serif Pro||||||||&#8221; custom_margin=&#8221;||10px|||&#8221; animation_style=&#8221;slide&#8221; animation_direction=&#8221;left&#8221; global_colors_info=&#8221;{}&#8221;]<\/p>\n<div class=\"experiment\">\n<h4>Chez leadershipCQ, nous croyons au pouvoir de :<\/h4>\n<h3>Andragogie &amp; Apprentissage exp\u00e9rientiel<\/h3>\n<\/div>\n<div class=\"rightcontanerwhy\">\n<p>Nous suivons les principes d&#8217;efficacit\u00e9 de l&#8217;Andragogie (apprentissage des adultes par opposition \u00e0 la p\u00e9dagogie qui se concentre sur les enfants).<br \/>Nous pratiquons l&#8217;apprentissage exp\u00e9rientiel dans tous nos ateliers car c&#8217;est un moyen puissant d&#8217;apprendre avec des effets durables sur le comportement (bas\u00e9 sur la m\u00e9thodologie de David Kolb)<\/p>\n<\/div>\n<p>[\/et_pb_text][et_pb_image src=&#8221;https:\/\/www.leadershipcq.com\/fr\/wp-content\/uploads\/2023\/02\/Methode-Apprentissage-LCQ-.webp&#8221; title_text=&#8221;Methode Apprentissage LCQ&#8221; show_bottom_space=&#8221;off&#8221; align=&#8221;center&#8221; _builder_version=&#8221;4.20.0&#8243; _module_preset=&#8221;default&#8221; custom_padding=&#8221;30px||30px||false|false&#8221; animation_style=&#8221;slide&#8221; global_colors_info=&#8221;{}&#8221;][\/et_pb_image][et_pb_text _builder_version=&#8221;4.20.1&#8243; _module_preset=&#8221;default&#8221; text_text_color=&#8221;#000000&#8243; header_3_font=&#8221;Source Serif Pro||||||||&#8221; animation_style=&#8221;slide&#8221; animation_direction=&#8221;left&#8221; global_colors_info=&#8221;{}&#8221;]<\/p>\n<div class=\"experiment\">\n<h3>\u00c9tudes de cas r\u00e9els<\/h3>\n<\/div>\n<div class=\"rightcontanerwhy\">\n<p>Nos ateliers combinent des \u00e9tudes de cas g\u00e9n\u00e9r\u00e9es par nos 200 + entrevues de cadres sup\u00e9rieurs avec les histoires vraies de nos participants. Nous proposons un v\u00e9ritable \u00ab parcours de changement de mentalit\u00e9 \u00bb pour garantir que les cadres non seulement acqui\u00e8rent de nouvelles connaissances, mais surtout accomplissent un changement de comportement.<\/p>\n<\/div>\n<div class=\"experiment\">\n<h3>Mise en \u0153uvre imm\u00e9diate de l&#8217;apprentissage<\/h3>\n<\/div>\n<div class=\"rightcontanerwhy\">\n<p>Fond\u00e9s sur la th\u00e9orie et la recherche, les modules fournissent des outils pratiques permettant aux dirigeants d&#8217;appliquer imm\u00e9diatement les connaissances en milieu de travail et de changer progressivement leurs habitudes. Tous les ateliers s&#8217;\u00e9tendent sur une p\u00e9riode de 3 mois avec des d\u00e9fis hebdomadaires pour s&#8217;assurer que les nouvelles connaissances deviennent de nouvelles pratiques de leadership.<\/p>\n<\/div>\n<p>[\/et_pb_text][\/et_pb_column][\/et_pb_row][\/et_pb_section][et_pb_section fb_built=&#8221;1&#8243; admin_label=&#8221;Feature Section&#8221; _builder_version=&#8221;4.19.5&#8243; background_color=&#8221;#605e5e&#8221; background_enable_image=&#8221;off&#8221; custom_padding=&#8221;22px||19px||false|false&#8221; global_colors_info=&#8221;{}&#8221;][et_pb_row make_equal=&#8221;on&#8221; _builder_version=&#8221;4.19.5&#8243; _module_preset=&#8221;default&#8221; custom_padding=&#8221;17px|||||&#8221; animation_style=&#8221;slide&#8221; global_colors_info=&#8221;{}&#8221;][et_pb_column type=&#8221;4_4&#8243; _builder_version=&#8221;4.19.5&#8243; _module_preset=&#8221;default&#8221; global_colors_info=&#8221;{}&#8221;][et_pb_text _builder_version=&#8221;4.20.0&#8243; _module_preset=&#8221;default&#8221; header_2_font=&#8221;||||||||&#8221; header_2_text_align=&#8221;center&#8221; header_2_text_color=&#8221;#FFFFFF&#8221; header_2_font_size=&#8221;46px&#8221; custom_margin=&#8221;||7px||false|false&#8221; header_2_font_size_tablet=&#8221;46px&#8221; header_2_font_size_phone=&#8221;32px&#8221; header_2_font_size_last_edited=&#8221;on|phone&#8221; global_colors_info=&#8221;{}&#8221;]<\/p>\n<h2>Ce que disent nos clients <\/h2>\n<p>[\/et_pb_text][et_pb_code _builder_version=&#8221;4.19.5&#8243; _module_preset=&#8221;default&#8221; global_colors_info=&#8221;{}&#8221;]<style id=\"sp_testimonial_dynamic_css274\">#sp-testimonial-free-wrapper-274 .sp-testimonial-free-section .testimonial-pagination span.swiper-pagination-bullet{background: #cccccc;}#sp-testimonial-free-wrapper-274 .sp-testimonial-free-section .testimonial-pagination span.swiper-pagination-bullet.swiper-pagination-bullet-active{background: #1595ce;} #sp-testimonial-free-wrapper-274 .sp-testimonial-free-section .testimonial-nav-arrow{background: transparent;border: 2px solid #777777;color: #777777;}#sp-testimonial-free-wrapper-274 .sp-testimonial-free-section .testimonial-nav-arrow:hover {background: #1595ce;border-color: #1595ce;color: #ffffff;}#sp-testimonial-free-wrapper-274 .sp-testimonial-free-section{margin: 0 50px;}#sp-testimonial-free-wrapper-274 .sp-testimonial-free-section{margin-bottom: 50px;}#sp-testimonial-free-wrapper-274 .sp-testimonial-free-section .sp-testimonial-client-image img {background: #ffffff;border: 0px solid #dddddd;padding: 0px;}#sp-testimonial-free-wrapper-274 .sp-testimonial-free-section .sp-testimonial-client-image {text-align: center;}#sp-testimonial-free-wrapper-274 .sp-testimonial-free-section .sp-testimonial-client-rating{ display: inline-flex; gap: 2px;}#sp-testimonial-free-wrapper-274 .sp-testimonial-free-section .sp-testimonial-client-rating i.fa{ color: #ffb900; font-size: 19px;}#sp-testimonial-free-wrapper-274 .sp-testimonial-free-section .sp-testimonial-client-rating i.fa-star{color: #ffb900;}#sp-testimonial-free-wrapper-274 .sp-testimonial-free-section .sp-testimonial-client-designation{color: #444444;}#sp-testimonial-free-wrapper-274 .sp-testimonial-free-section .sp-testimonial-client-name{color: #333333;}#sp-testimonial-free-wrapper-274 .sp-testimonial-free-section .sp-testimonial-client-testimonial{color: #333333;}#sp-testimonial-free-wrapper-274 .sp-testimonial-free-section .sp-testimonial-title .sp-testimonial-post-title{color: #333333;}#sp-testimonial-free-wrapper-274 .sp-testimonial-free {background : transparent;border: 1px solid transparent;border-radius: 0px;}<\/style><div id=\"sp-testimonial-free-wrapper-274\" class=\"sp-testimonial-free-wrapper\"><div id=\"sp-testimonial-free-274\" class=\"sp-testimonial-free-section tfree-style-theme-one\" dir=\"ltr\" data-preloader=\"\" data-swiper='{&quot;dots&quot;: 1, &quot;spaceBetween&quot;: 20, &quot;adaptiveHeight&quot;: false, &quot;pauseOnHover&quot;: true, &quot;slidesToShow&quot;: 1, &quot;speed&quot;: 600, &quot;arrows&quot;: &quot;1&quot;, &quot;autoplay&quot;: true, &quot;autoplaySpeed&quot;: 3000, &quot;swipe&quot;: true, &quot;swipeToSlide&quot;: false, &quot;draggable&quot;: true, &quot;freeMode&quot;: false, &quot;rtl&quot;: false, &quot;infinite&quot;: true,&quot;slidesPerView&quot;: {&quot;lg_desktop&quot;:1 , &quot;desktop&quot;: 1, &quot;laptop&quot;:1 , &quot;tablet&quot;: 1, &quot;mobile&quot;: 1},&quot;navigation_mobile&quot;: true, &quot;pagination_mobile&quot;:true, &quot;autoplay_mobile&quot;:true}' ><div class=\"swiper-wrapper\"><div class=\"sp-testimonial-item swiper-slide\"><div class=\"sp-testimonial-free\"><div class=\"sp-testimonial-title\"><h3 class=\"sp-testimonial-post-title\">O. Bouchamaoui<\/h3><\/div><div class=\"sp-testimonial-client-testimonial\"><div class=\"sp-testimonial-content\"><p>&#8220;Le livre de Vanessa Barros sera une ressource inestimable pour ces futures g\u00e9n\u00e9rations de dirigeants alors qu&#8217;ils se lancent dans ce voyage de construction du puzzle mondial.&#8221;<\/p><\/div><\/div><h4 class=\"sp-testimonial-client-name\">O. Bouchamaoui<\/h4> <div class=\"sp-testimonial-client-designation\">Nobel Peace Prize 2015<\/div><\/div> <\/div> <div class=\"sp-testimonial-item swiper-slide\"><div class=\"sp-testimonial-free\"><div class=\"sp-testimonial-title\"><h3 class=\"sp-testimonial-post-title\">Said Akar<\/h3><\/div><div class=\"sp-testimonial-client-testimonial\"><div class=\"sp-testimonial-content\"><p>&#8220;Je crois fermement que les organisations qui adoptent et appliquent la diversit\u00e9 et l&#8217;inclusion peuvent favoriser le succ\u00e8s, am\u00e9liorer l&#8217;innovation et accro\u00eetre la cr\u00e9ativit\u00e9. Il est donc dans votre int\u00e9r\u00eat d&#8217;encourager votre \u00e9quipe et vous-m\u00eame \u00e0 suivre une formation sur le sujet et \u00e0 participer \u00e0 des groupes ERG. Mon exp\u00e9rience personnelle chez Dell Technologies et mon engagement avec MOSAIC font de moi un fervent partisan de ces actions.<\/p><\/div><\/div><h4 class=\"sp-testimonial-client-name\">Said Akar<\/h4> <div class=\"sp-testimonial-client-designation\">Vice President, Data Center Sales EMEA at Dell Technologies<\/div><\/div> <\/div> <div class=\"sp-testimonial-item swiper-slide\"><div class=\"sp-testimonial-free\"><div class=\"sp-testimonial-title\"><h3 class=\"sp-testimonial-post-title\">Mathieu Duchemin<\/h3><\/div><div class=\"sp-testimonial-client-testimonial\"><div class=\"sp-testimonial-content\"><p>&#8220;Un grand merci \u00e0 Vanessa Barros pour sa web-conf\u00e9rence \u00e9clairante sur la richesse de la Diversit\u00e9 en entreprise par l&#8217;Inclusion. Il ne tient qu&#8217;\u00e0 nous d&#8217;exploiter tout le potentiel de la Diversit\u00e9 en Entreprise et d&#8217;agir pour une meilleure Inclusion. Nous avons d\u00e9sormais un une meilleure compr\u00e9hension des concepts complexes de diversit\u00e9 et d&#8217;inclusion auxquels nous nous identifions.&#8221;<\/p><\/div><\/div><h4 class=\"sp-testimonial-client-name\">Mathieu Duchemin<\/h4> <div class=\"sp-testimonial-client-designation\">Moet Hennessy Diageo France, Commercial Director, CP<\/div><\/div> <\/div> <div class=\"sp-testimonial-item swiper-slide\"><div class=\"sp-testimonial-free\"><div class=\"sp-testimonial-title\"><h3 class=\"sp-testimonial-post-title\">Claire Tagand Battard<\/h3><\/div><div class=\"sp-testimonial-client-testimonial\"><div class=\"sp-testimonial-content\"><p>&#8220;C&#8217;est l&#8217;un des meilleurs ateliers sur le leadership auquel j&#8217;ai jamais particip\u00e9.&#8221;<\/p><\/div><\/div><h4 class=\"sp-testimonial-client-name\">Claire Tagand Battard<\/h4> <div class=\"sp-testimonial-client-designation\">Director Career Services, ESSEC Business School<\/div><\/div> <\/div> <div class=\"sp-testimonial-item swiper-slide\"><div class=\"sp-testimonial-free\"><div class=\"sp-testimonial-title\"><h3 class=\"sp-testimonial-post-title\">Thomas Bouleuc<\/h3><\/div><div class=\"sp-testimonial-client-testimonial\"><div class=\"sp-testimonial-content\"><p>\u00ab Les points de vue de Vanessa sur le leadership et l&#8217;intelligence culturelle sont brillants et innovants. Elle va au-del\u00e0 des st\u00e9r\u00e9otypes pour mettre les dirigeants au d\u00e9fi de d\u00e9tecter les signes de culture et de pratiquer l&#8217;inclusion en milieu de travail. Elle apporte des tonnes d&#8217;\u00e9nergie positive.<\/p><\/div><\/div><h4 class=\"sp-testimonial-client-name\">Thomas Bouleuc<\/h4> <div class=\"sp-testimonial-client-designation\">Managing Director, Moet Hennessy Diageo, Malaysia<\/div><\/div> <\/div> <\/div><div class=\"swiper-pagination testimonial-pagination\"><\/div><div class=\"swiper-button-prev testimonial-nav-arrow\"><i class=\"fa fa-angle-left\"><\/i><\/div><div class=\"swiper-button-next testimonial-nav-arrow\"><i class=\"fa fa-angle-right\"><\/i><\/div><\/div><\/div>\t\t\t[\/et_pb_code][\/et_pb_column][\/et_pb_row][\/et_pb_section][et_pb_section fb_built=&#8221;1&#8243; admin_label=&#8221;Feature Section&#8221; _builder_version=&#8221;4.19.5&#8243; background_enable_color=&#8221;off&#8221; background_enable_image=&#8221;off&#8221; custom_padding=&#8221;35px||||false|false&#8221; global_colors_info=&#8221;{}&#8221;][et_pb_row make_equal=&#8221;on&#8221; custom_padding_last_edited=&#8221;on|phone&#8221; _builder_version=&#8221;4.20.0&#8243; _module_preset=&#8221;default&#8221; custom_padding_tablet=&#8221;&#8221; custom_padding_phone=&#8221;0px||0px||false|false&#8221; animation_style=&#8221;slide&#8221; global_colors_info=&#8221;{}&#8221;][et_pb_column type=&#8221;4_4&#8243; _builder_version=&#8221;4.19.5&#8243; _module_preset=&#8221;default&#8221; global_colors_info=&#8221;{}&#8221;][et_pb_text _builder_version=&#8221;4.20.0&#8243; _module_preset=&#8221;default&#8221; header_2_font=&#8221;||||||||&#8221; header_2_text_align=&#8221;center&#8221; header_2_text_color=&#8221;#383838&#8243; header_2_font_size=&#8221;46px&#8221; header_2_font_size_tablet=&#8221;46px&#8221; header_2_font_size_phone=&#8221;38px&#8221; header_2_font_size_last_edited=&#8221;on|phone&#8221; global_colors_info=&#8221;{}&#8221;]<\/p>\n<h2>NOS CLIENTS<\/h2>\n<p>[\/et_pb_text][et_pb_image src=&#8221;https:\/\/www.leadershipcq.com\/fr\/wp-content\/uploads\/2025\/05\/Screenshot-2025-05-28-at-14.59.07.png&#8221; title_text=&#8221;Screenshot 2025-05-28 at 14.59.07&#8243; _builder_version=&#8221;4.20.2&#8243; _module_preset=&#8221;default&#8221; width=&#8221;92%&#8221; width_tablet=&#8221;75%&#8221; width_phone=&#8221;100%&#8221; width_last_edited=&#8221;on|phone&#8221; module_alignment=&#8221;center&#8221; hover_enabled=&#8221;0&#8243; global_colors_info=&#8221;{}&#8221; sticky_enabled=&#8221;0&#8243;][\/et_pb_image][\/et_pb_column][\/et_pb_row][\/et_pb_section][et_pb_section fb_built=&#8221;1&#8243; admin_label=&#8221;CTA Section&#8221; _builder_version=&#8221;4.20.0&#8243; background_color=&#8221;#f7f7f7&#8243; custom_padding=&#8221;36px||40px||false|false&#8221; global_colors_info=&#8221;{}&#8221;][et_pb_row admin_label=&#8221;CTA Area&#8221; _builder_version=&#8221;4.19.5&#8243; custom_padding=&#8221;0px||0px|&#8221; animation_style=&#8221;slide&#8221; global_colors_info=&#8221;{}&#8221;][et_pb_column type=&#8221;4_4&#8243; _builder_version=&#8221;4.16&#8243; custom_padding=&#8221;|||&#8221; global_colors_info=&#8221;{}&#8221; custom_padding__hover=&#8221;|||&#8221;][et_pb_text _builder_version=&#8221;4.20.0&#8243; text_font=&#8221;||||||||&#8221; text_text_color=&#8221;#000000&#8243; text_font_size=&#8221;37px&#8221; text_line_height=&#8221;1.5em&#8221; link_font=&#8221;Open Sans||||||||&#8221; link_text_color=&#8221;#0099e5&#8243; link_font_size=&#8221;18px&#8221; header_2_font=&#8221;||||||||&#8221; header_2_text_color=&#8221;#383838&#8243; header_2_font_size=&#8221;46px&#8221; header_2_line_height=&#8221;1.3em&#8221; text_orientation=&#8221;center&#8221; module_alignment=&#8221;center&#8221; custom_margin=&#8221;|||&#8221; custom_padding=&#8221;|||&#8221; header_2_font_size_tablet=&#8221;46px&#8221; header_2_font_size_phone=&#8221;30px&#8221; header_2_font_size_last_edited=&#8221;on|phone&#8221; header_2_line_height_tablet=&#8221;1.3em&#8221; header_2_line_height_phone=&#8221;1.6em&#8221; header_2_line_height_last_edited=&#8221;on|phone&#8221; global_colors_info=&#8221;{}&#8221;]<\/p>\n<h2>NOS COLLABORATIONS AVEC LES \u00c9TABLISSEMENTS D&#8217;ENSEIGNEMENT<\/h2>\n<p>[\/et_pb_text][et_pb_text _builder_version=&#8221;4.20.0&#8243; _module_preset=&#8221;default&#8221; global_colors_info=&#8221;{}&#8221;]<\/p>\n<div class=\"our_colleb\">\n<h4><strong>G\u00e9rer \u00e0 travers les cultures<\/strong> (Executive MBA)<\/h4>\n<h5><a href=\"https:\/\/www.essec.edu\/en\/\" target=\"_blank\" rel=\"noopener\">ESSEC Business School (Paris, Rabat &#038; Singapore)<\/a><\/h5>\n<h4><strong>Introduction \u00e0 l&#8217;intelligence culturelle<\/strong> (Executive Education)<\/h4>\n<h5><a href=\"https:\/\/www.ntu.edu.sg\/\" target=\"_blank\" rel=\"noopener\">Nanyang Technological University (Singapore)<\/a><\/h5>\n<h4><strong>Intelligence culturelle pour les leaders mondiaux <\/strong> (Executive Education \u2013 Sonae)<\/h4>\n<h5><a href=\"https:\/\/www.ucp.pt\/pt-pt\" target=\"_blank\" rel=\"noopener\">Universidade Cat\u00f3lica Portuguesa (Lisbon)<\/a><\/h5>\n<h4><strong>Intelligence culturelle pour les leaders mondiaux (programme pour cadres sup\u00e9rieurs<\/strong>&#8211; divers cadres de l&#8217;industrie)<\/h4>\n<h5><a href=\"https:\/\/www.tma.or.th\/\" target=\"_blank\" rel=\"noopener\">Thailand Management Association (Bangkok)<\/a><\/h5>\n<h4><strong>Ambassador of the Advertising Educational Foundation<\/strong><\/h4>\n<h5><a href=\"https:\/\/www.umass.edu\/\" target=\"_blank\" rel=\"noopener\">University of Massachusetts \u2013 Amherst (North America)<\/a><\/h5>\n<h4><strong>Atelier de communication interculturelle<\/strong><\/h4>\n<h5><a href=\"https:\/\/www.heip.fr\/en\/\" target=\"_blank\" rel=\"noopener\">HEIP (Paris)<\/a><\/h5>\n<h4><strong>Marketing inclusif<\/strong><\/h4>\n<h5><a href=\"https:\/\/www.imt.edu\/\" target=\"_blank\" rel=\"noopener\">Institute of Management and Technology (Dubai &#038; Ghaziabad)<\/a><\/h5>\n<\/div>\n<p>[\/et_pb_text][\/et_pb_column][\/et_pb_row][\/et_pb_section]<\/p>\n","protected":false},"excerpt":{"rendered":"<p>[et_pb_section fb_built=&#8221;1&#8243; admin_label=&#8221;Feature Section&#8221; _builder_version=&#8221;4.19.5&#8243; background_enable_color=&#8221;off&#8221; background_enable_image=&#8221;off&#8221; custom_padding=&#8221;22px||13px||false|false&#8221; global_colors_info=&#8221;{}&#8221;][et_pb_row column_structure=&#8221;1_2,1_2&#8243; make_equal=&#8221;on&#8221; _builder_version=&#8221;4.19.5&#8243; _module_preset=&#8221;default&#8221; custom_margin=&#8221;5px|auto|12px|auto||&#8221; custom_padding=&#8221;14px||12px|||&#8221; animation_style=&#8221;slide&#8221; global_colors_info=&#8221;{}&#8221;][et_pb_column type=&#8221;1_2&#8243; module_class=&#8221;hm_why&#8221; _builder_version=&#8221;4.19.5&#8243; _module_preset=&#8221;default&#8221; global_colors_info=&#8221;{}&#8221;][et_pb_text _builder_version=&#8221;4.19.5&#8243; _module_preset=&#8221;default&#8221; header_2_text_color=&#8221;#605e5e&#8221; global_colors_info=&#8221;{}&#8221;] COMMENT [\/et_pb_text][\/et_pb_column][et_pb_column type=&#8221;1_2&#8243; _builder_version=&#8221;4.19.5&#8243; _module_preset=&#8221;default&#8221; global_colors_info=&#8221;{}&#8221;][et_pb_text _builder_version=&#8221;4.20.0&#8243; _module_preset=&#8221;default&#8221; text_text_color=&#8221;#383838&#8243; global_colors_info=&#8221;{}&#8221;] En tant qu&#8217;anciens dirigeants d&#8217;entreprise nous-m\u00eames, nous avons constat\u00e9 que la diversit\u00e9 peut se retourner contre elle si elle [&hellip;]<\/p>\n","protected":false},"author":1,"featured_media":0,"parent":0,"menu_order":0,"comment_status":"closed","ping_status":"closed","template":"","meta":{"_et_pb_use_builder":"on","_et_pb_old_content":"<!-- wp:divi\/placeholder \/-->","_et_gb_content_width":"","footnotes":""},"class_list":["post-234","page","type-page","status-publish","hentry"],"_links":{"self":[{"href":"https:\/\/www.leadershipcq.com\/fr\/wp-json\/wp\/v2\/pages\/234","targetHints":{"allow":["GET"]}}],"collection":[{"href":"https:\/\/www.leadershipcq.com\/fr\/wp-json\/wp\/v2\/pages"}],"about":[{"href":"https:\/\/www.leadershipcq.com\/fr\/wp-json\/wp\/v2\/types\/page"}],"author":[{"embeddable":true,"href":"https:\/\/www.leadershipcq.com\/fr\/wp-json\/wp\/v2\/users\/1"}],"replies":[{"embeddable":true,"href":"https:\/\/www.leadershipcq.com\/fr\/wp-json\/wp\/v2\/comments?post=234"}],"version-history":[{"count":67,"href":"https:\/\/www.leadershipcq.com\/fr\/wp-json\/wp\/v2\/pages\/234\/revisions"}],"predecessor-version":[{"id":1944,"href":"https:\/\/www.leadershipcq.com\/fr\/wp-json\/wp\/v2\/pages\/234\/revisions\/1944"}],"wp:attachment":[{"href":"https:\/\/www.leadershipcq.com\/fr\/wp-json\/wp\/v2\/media?parent=234"}],"curies":[{"name":"wp","href":"https:\/\/api.w.org\/{rel}","templated":true}]}}