{"id":193,"date":"2023-02-08T13:04:11","date_gmt":"2023-02-08T13:04:11","guid":{"rendered":"http:\/\/localhost\/lcq\/?page_id=193"},"modified":"2026-04-27T11:52:05","modified_gmt":"2026-04-27T11:52:05","slug":"why","status":"publish","type":"page","link":"https:\/\/www.leadershipcq.com\/fr\/why\/","title":{"rendered":"Pourquoi"},"content":{"rendered":"<p>[et_pb_section fb_built=&#8221;1&#8243; admin_label=&#8221;Feature Section&#8221; _builder_version=&#8221;4.19.5&#8243; background_enable_color=&#8221;off&#8221; background_enable_image=&#8221;off&#8221; custom_padding=&#8221;13px||13px||false|false&#8221; global_colors_info=&#8221;{}&#8221;][et_pb_row column_structure=&#8221;1_2,1_2&#8243; make_equal=&#8221;on&#8221; _builder_version=&#8221;4.19.5&#8243; _module_preset=&#8221;default&#8221; custom_margin=&#8221;|auto|22px|auto||&#8221; custom_padding=&#8221;28px||12px||false|false&#8221; animation_style=&#8221;slide&#8221; global_colors_info=&#8221;{}&#8221;][et_pb_column type=&#8221;1_2&#8243; module_class=&#8221;hm_why&#8221; _builder_version=&#8221;4.19.5&#8243; _module_preset=&#8221;default&#8221; global_colors_info=&#8221;{}&#8221;][et_pb_text _builder_version=&#8221;4.20.0&#8243; _module_preset=&#8221;default&#8221; header_2_text_color=&#8221;#f27b13&#8243; global_colors_info=&#8221;{}&#8221;]<\/p>\n<h2>POURQUOI<\/h2>\n<p>[\/et_pb_text][\/et_pb_column][et_pb_column type=&#8221;1_2&#8243; _builder_version=&#8221;4.19.5&#8243; _module_preset=&#8221;default&#8221; global_colors_info=&#8221;{}&#8221;][et_pb_text _builder_version=&#8221;4.20.0&#8243; _module_preset=&#8221;default&#8221; text_text_color=&#8221;#000000&#8243; text_font_size=&#8221;20px&#8221; global_colors_info=&#8221;{}&#8221;]<\/p>\n<div class=\"rightcontanerwhy\">\n<p><span style=\"color: #f27b13;\"><strong data-start=\"0\" data-end=\"12\">Vision :<\/strong><\/span><br data-start=\"12\" data-end=\"15\" \/>Nous cr\u00e9ons des environnements de travail performants o\u00f9 les diff\u00e9rences deviennent un moteur de performance et de bien-\u00eatre durable.<\/p>\n<p>&nbsp;<\/p>\n<p data-start=\"150\" data-end=\"594\" data-is-last-node=\"\" data-is-only-node=\"\"><span style=\"color: #f27b13;\"><strong data-start=\"150\" data-end=\"163\">Mission :<\/strong><\/span><br data-start=\"163\" data-end=\"166\" \/>Nous accompagnons les individus et les organisations \u00e0 passer de l\u2019Exclusion Accidentelle \u00e0 une Inclusion D\u00e9lib\u00e9r\u00e9e, en d\u00e9codant et en transformant les dynamiques invisibles qui fa\u00e7onnent la mani\u00e8re dont les \u00e9quipes collaborent, prennent des d\u00e9cisions et performent.<br data-start=\"432\" data-end=\"435\" \/>Notre approche combine l\u2019Intelligence Culturelle (CQ), les neurosciences et l\u2019apprentissage exp\u00e9rientiel pour g\u00e9n\u00e9rer des changements comportementaux durables.<\/p>\n<\/div>\n<p>[\/et_pb_text][\/et_pb_column][\/et_pb_row][\/et_pb_section][et_pb_section fb_built=&#8221;1&#8243; admin_label=&#8221;Feature Section&#8221; _builder_version=&#8221;4.20.0&#8243; background_color=&#8221;#f27b13&#8243; background_enable_image=&#8221;off&#8221; custom_padding=&#8221;17px||22px||false|false&#8221; global_colors_info=&#8221;{}&#8221;][et_pb_row make_equal=&#8221;on&#8221; _builder_version=&#8221;4.19.5&#8243; _module_preset=&#8221;default&#8221; animation_style=&#8221;slide&#8221; animation_direction=&#8221;right&#8221; global_colors_info=&#8221;{}&#8221;][et_pb_column type=&#8221;4_4&#8243; _builder_version=&#8221;4.19.5&#8243; _module_preset=&#8221;default&#8221; global_colors_info=&#8221;{}&#8221;][et_pb_image src=&#8221;https:\/\/www.leadershipcq.com\/fr\/wp-content\/uploads\/2023\/02\/group.7062498db1c000848701.png&#8221; title_text=&#8221;group.7062498db1c000848701&#8243; _builder_version=&#8221;4.20.0&#8243; _module_preset=&#8221;default&#8221; global_colors_info=&#8221;{}&#8221;][\/et_pb_image][\/et_pb_column][\/et_pb_row][\/et_pb_section][et_pb_section fb_built=&#8221;1&#8243; admin_label=&#8221;CTA Section&#8221; _builder_version=&#8221;4.19.5&#8243; background_enable_color=&#8221;off&#8221; custom_padding=&#8221;12px||12px||false|false&#8221; global_colors_info=&#8221;{}&#8221;][et_pb_row admin_label=&#8221;CTA Area&#8221; _builder_version=&#8221;4.16&#8243; min_height=&#8221;43.5px&#8221; custom_margin=&#8221;23px|auto||auto||&#8221; custom_padding=&#8221;0px||0px|&#8221; global_colors_info=&#8221;{}&#8221;][et_pb_column type=&#8221;4_4&#8243; _builder_version=&#8221;4.16&#8243; custom_padding=&#8221;|||&#8221; global_colors_info=&#8221;{}&#8221; custom_padding__hover=&#8221;|||&#8221;][et_pb_text _builder_version=&#8221;4.20.0&#8243; text_font=&#8221;||||||||&#8221; text_font_size=&#8221;37px&#8221; text_line_height=&#8221;1.5em&#8221; link_font=&#8221;Open Sans||||||||&#8221; link_text_color=&#8221;#0099e5&#8243; link_font_size=&#8221;18px&#8221; text_orientation=&#8221;center&#8221; module_alignment=&#8221;center&#8221; custom_margin=&#8221;|||&#8221; custom_padding=&#8221;|||&#8221; animation_style=&#8221;slide&#8221; animation_direction=&#8221;left&#8221; text_font_size_tablet=&#8221;37px&#8221; text_font_size_phone=&#8221;30px&#8221; text_font_size_last_edited=&#8221;on|phone&#8221; text_line_height_tablet=&#8221;1.5em&#8221; text_line_height_phone=&#8221;1.3em&#8221; text_line_height_last_edited=&#8221;on|phone&#8221; global_colors_info=&#8221;{}&#8221;]<\/p>\n<p><span style=\"font-weight: bolder;\">Lib\u00e9rer<\/span> le pouvoir de la <span style=\"color: #f27b13; font-weight: bolder;\"> diversit\u00e9<\/span> <span style=\"color: #666666;\">par<\/span> <span style=\"color: #f27b13; font-weight: bolder;\">l&#8217;inclusion.<\/span><\/p>\n<p>[\/et_pb_text][\/et_pb_column][\/et_pb_row][\/et_pb_section][et_pb_section fb_built=&#8221;1&#8243; admin_label=&#8221;Feature Section&#8221; _builder_version=&#8221;4.19.5&#8243; background_enable_color=&#8221;off&#8221; background_enable_image=&#8221;off&#8221; custom_padding=&#8221;8px||13px||false|false&#8221; global_colors_info=&#8221;{}&#8221;][et_pb_row make_equal=&#8221;on&#8221; _builder_version=&#8221;4.19.5&#8243; _module_preset=&#8221;default&#8221; custom_padding=&#8221;6px||12px|||&#8221; animation_style=&#8221;slide&#8221; global_colors_info=&#8221;{}&#8221;][et_pb_column type=&#8221;4_4&#8243; _builder_version=&#8221;4.19.5&#8243; _module_preset=&#8221;default&#8221; global_colors_info=&#8221;{}&#8221;][et_pb_text _builder_version=&#8221;4.20.0&#8243; _module_preset=&#8221;default&#8221; text_text_color=&#8221;#000000&#8243; global_colors_info=&#8221;{}&#8221;]<\/p>\n<div class=\"rightcontanerwhy\">\n<p><span style=\"color: #f27b13; font-weight: bold;\">La Diversit\u00e9 : <\/span> Incroyable Potentiel apport\u00e9 par la somme de diff\u00e9rences. Cela d\u00e9passe les genres et les origines culturelles pour englober toutes les diff\u00e9rences individuelles.<br \/>\n<span style=\"color: #f27b13; font-weight: bold;\">Inclusion : <\/span> La pratique d\u00e9lib\u00e9r\u00e9e de permettre \u00e0 chaque individu de d\u00e9velopper son plein potentiel dans un environnement de travail s\u00fbr auquel il se sent appartenir.<\/p>\n<p><span style=\"color: #f27b13; font-weight: bold;\">Intelligence Culturelle (CQ) : <\/span> La capacit\u00e9 \u00e0 d\u00e9tecter les diff\u00e9rences culturelles et \u00e0 les g\u00e9rer harmonieusement. C&#8217;est finalement la capacit\u00e9 de cr\u00e9er une troisi\u00e8me culture o\u00f9 les diff\u00e9rences s&#8217;\u00e9panouissent ensemble.<\/p>\n<\/div>\n<p>[\/et_pb_text][et_pb_image src=&#8221;https:\/\/www.leadershipcq.com\/fr\/wp-content\/uploads\/2023\/02\/lcqfranch.jpg&#8221; title_text=&#8221;lcqfranch&#8221; align=&#8221;center&#8221; _builder_version=&#8221;4.20.0&#8243; _module_preset=&#8221;default&#8221; width=&#8221;74%&#8221; width_tablet=&#8221;74%&#8221; width_phone=&#8221;85%&#8221; width_last_edited=&#8221;on|desktop&#8221; global_colors_info=&#8221;{}&#8221;][\/et_pb_image][\/et_pb_column][\/et_pb_row][\/et_pb_section][et_pb_section fb_built=&#8221;1&#8243; _builder_version=&#8221;4.19.5&#8243; _module_preset=&#8221;default&#8221; background_color=&#8221;#f27b13&#8243; custom_margin=&#8221;16px|||||&#8221; custom_padding=&#8221;21px||17px|||&#8221; global_colors_info=&#8221;{}&#8221;][et_pb_row _builder_version=&#8221;4.19.5&#8243; _module_preset=&#8221;default&#8221; animation_style=&#8221;slide&#8221; global_colors_info=&#8221;{}&#8221;][et_pb_column type=&#8221;4_4&#8243; _builder_version=&#8221;4.19.5&#8243; _module_preset=&#8221;default&#8221; global_colors_info=&#8221;{}&#8221;][et_pb_text _builder_version=&#8221;4.20.0&#8243; _module_preset=&#8221;default&#8221; global_colors_info=&#8221;{}&#8221;]<\/p>\n<div class=\"para\">\n<h2>NOS CLIENTS<\/h2>\n<h2>BESOINS ET PR\u00c9F\u00c9RENCES<\/h2>\n<\/div>\n<div class=\"para2\">\n<p><strong>Chez LeadershipCQ, nous \u00e9coutons nos clients et nous croyons aux principes suivants :<\/strong><\/p>\n<div class=\"gr_tstsec\">\n<p>1. La diversit\u00e9 bien g\u00e9r\u00e9e est une source infinie de croissance et de succ\u00e8s pour les entreprises.<\/p>\n<p>2. L&#8217;exclusion fait mal (elle r\u00e9duit le raisonnement et les comportements pro sociaux ; elle augmente aussi les comportements autodestructeurs\u2026)<\/p>\n<p>3. L&#8217;inclusion lib\u00e8re l&#8217;innovation (en partenariat avec Includers )<\/p>\n<\/div>\n<\/div>\n<p>[\/et_pb_text][\/et_pb_column][\/et_pb_row][\/et_pb_section][et_pb_section fb_built=&#8221;1&#8243; disabled_on=&#8221;off|off|off&#8221; admin_label=&#8221;CTA Section&#8221; _builder_version=&#8221;4.19.5&#8243; background_color=&#8221;#FFFFFF&#8221; width=&#8221;100%&#8221; custom_padding=&#8221;36px||40px||false|false&#8221; global_colors_info=&#8221;{}&#8221;][et_pb_row admin_label=&#8221;CTA Area&#8221; _builder_version=&#8221;4.16&#8243; custom_padding=&#8221;0px||0px|&#8221; global_colors_info=&#8221;{}&#8221;][et_pb_column type=&#8221;4_4&#8243; _builder_version=&#8221;4.16&#8243; custom_padding=&#8221;|||&#8221; global_colors_info=&#8221;{}&#8221; custom_padding__hover=&#8221;|||&#8221;][et_pb_text _builder_version=&#8221;4.20.0&#8243; text_font=&#8221;||||||||&#8221; text_text_color=&#8221;#000000&#8243; text_font_size=&#8221;37px&#8221; text_line_height=&#8221;1.5em&#8221; link_font=&#8221;Open Sans||||||||&#8221; link_text_color=&#8221;#0099e5&#8243; link_font_size=&#8221;18px&#8221; header_2_font=&#8221;||||||||&#8221; header_2_text_color=&#8221;#f27b13&#8243; header_2_font_size=&#8221;45px&#8221; header_2_line_height=&#8221;1.2em&#8221; text_orientation=&#8221;center&#8221; module_alignment=&#8221;center&#8221; custom_margin=&#8221;|||&#8221; custom_padding=&#8221;|||&#8221; animation_style=&#8221;slide&#8221; animation_direction=&#8221;left&#8221; header_2_font_size_tablet=&#8221;45px&#8221; header_2_font_size_phone=&#8221;28px&#8221; header_2_font_size_last_edited=&#8221;on|phone&#8221; header_2_line_height_tablet=&#8221;1.2em&#8221; header_2_line_height_phone=&#8221;1.4em&#8221; header_2_line_height_last_edited=&#8221;on|phone&#8221; global_colors_info=&#8221;{}&#8221;]<\/p>\n<h2>LA DIVERSIT\u00c9, C\u2019EST PLUS QU\u2019ON NE CROIT<\/h2>\n<p>[\/et_pb_text][et_pb_image src=&#8221;https:\/\/www.leadershipcq.com\/fr\/wp-content\/uploads\/2023\/02\/FR-Spectrum-of-diversity-2.webp&#8221; title_text=&#8221;FR Spectrum of diversity 2&#8243; align=&#8221;center&#8221; _builder_version=&#8221;4.20.0&#8243; _module_preset=&#8221;default&#8221; width=&#8221;80%&#8221; width_tablet=&#8221;80%&#8221; width_phone=&#8221;100%&#8221; width_last_edited=&#8221;on|phone&#8221; animation_style=&#8221;slide&#8221; global_colors_info=&#8221;{}&#8221;][\/et_pb_image][\/et_pb_column][\/et_pb_row][\/et_pb_section][et_pb_section fb_built=&#8221;1&#8243; disabled_on=&#8221;off|off|off&#8221; admin_label=&#8221;CTA Section&#8221; _builder_version=&#8221;4.19.5&#8243; background_color=&#8221;#f27b13&#8243; custom_padding=&#8221;36px||40px||false|false&#8221; global_colors_info=&#8221;{}&#8221;][et_pb_row admin_label=&#8221;CTA Area&#8221; _builder_version=&#8221;4.16&#8243; custom_padding=&#8221;0px||0px|&#8221; global_colors_info=&#8221;{}&#8221;][et_pb_column type=&#8221;4_4&#8243; _builder_version=&#8221;4.16&#8243; custom_padding=&#8221;|||&#8221; global_colors_info=&#8221;{}&#8221; custom_padding__hover=&#8221;|||&#8221;][et_pb_text _builder_version=&#8221;4.20.0&#8243; text_font=&#8221;||||||||&#8221; text_text_color=&#8221;#000000&#8243; text_line_height=&#8221;1.5em&#8221; link_font=&#8221;Open Sans||||||||&#8221; link_text_color=&#8221;#0099e5&#8243; link_font_size=&#8221;18px&#8221; text_orientation=&#8221;center&#8221; module_alignment=&#8221;center&#8221; custom_margin=&#8221;|||&#8221; custom_padding=&#8221;|||&#8221; animation_style=&#8221;slide&#8221; global_colors_info=&#8221;{}&#8221;]<\/p>\n<div class=\"para\">\n<h2>CHIFFRES CL\u00c9S<\/h2>\n<\/div>\n<div class=\"para2\">\n<p><span style=\"font-weight: bolder;\">70% <\/span> des \u00e9checs de fusions d&#8217;entreprises sont dus \u00e0 des diff\u00e9rences culturelles.<\/p>\n<p>Les recherches montrent que 60% \u00e0 80% de toutes les difficult\u00e9s dans les organisations proviennent de conflits entre employ\u00e9s.<\/p>\n<p>Ces difficult\u00e9s augmentent lorsque les cultures se heurtent.<\/p>\n<\/div>\n<p>[\/et_pb_text][\/et_pb_column][\/et_pb_row][\/et_pb_section][et_pb_section fb_built=&#8221;1&#8243; _builder_version=&#8221;4.19.5&#8243; _module_preset=&#8221;default&#8221; custom_padding=&#8221;36px|||||&#8221; global_colors_info=&#8221;{}&#8221;][et_pb_row admin_label=&#8221;CTA Area&#8221; _builder_version=&#8221;4.16&#8243; custom_padding=&#8221;0px||0px|&#8221; global_colors_info=&#8221;{}&#8221;][et_pb_column type=&#8221;4_4&#8243; _builder_version=&#8221;4.16&#8243; custom_padding=&#8221;|||&#8221; global_colors_info=&#8221;{}&#8221; custom_padding__hover=&#8221;|||&#8221;][et_pb_text _builder_version=&#8221;4.20.0&#8243; text_font=&#8221;||||||||&#8221; text_text_color=&#8221;#000000&#8243; text_font_size=&#8221;37px&#8221; text_line_height=&#8221;1.5em&#8221; link_font=&#8221;Open Sans||||||||&#8221; link_text_color=&#8221;#0099e5&#8243; link_font_size=&#8221;18px&#8221; header_2_font=&#8221;||||||||&#8221; header_2_text_color=&#8221;#f27b13&#8243; header_2_font_size=&#8221;45px&#8221; text_orientation=&#8221;center&#8221; module_alignment=&#8221;center&#8221; custom_margin=&#8221;||22px|||&#8221; custom_padding=&#8221;|||&#8221; animation_style=&#8221;slide&#8221; animation_direction=&#8221;left&#8221; header_2_font_size_tablet=&#8221;45px&#8221; header_2_font_size_phone=&#8221;28px&#8221; header_2_font_size_last_edited=&#8221;on|phone&#8221; header_2_line_height_tablet=&#8221;&#8221; header_2_line_height_phone=&#8221;1.4em&#8221; header_2_line_height_last_edited=&#8221;on|phone&#8221; global_colors_info=&#8221;{}&#8221;]<\/p>\n<h2>INCLUSION RETOUR SUR INVESTISSEMENT<\/h2>\n<p>[\/et_pb_text][et_pb_image src=&#8221;https:\/\/www.leadershipcq.com\/fr\/wp-content\/uploads\/2023\/02\/Screenshot-2022-03-31-at-10_31_28.webp&#8221; title_text=&#8221;Screenshot 2022-03-31 at 10_31_28&#8243; align=&#8221;center&#8221; _builder_version=&#8221;4.20.0&#8243; _module_preset=&#8221;default&#8221; width=&#8221;80%&#8221; width_tablet=&#8221;80%&#8221; width_phone=&#8221;100%&#8221; width_last_edited=&#8221;on|phone&#8221; animation_style=&#8221;slide&#8221; global_colors_info=&#8221;{}&#8221;][\/et_pb_image][\/et_pb_column][\/et_pb_row][\/et_pb_section]<\/p>\n","protected":false},"excerpt":{"rendered":"<p>POURQUOI Vision :Nous cr\u00e9ons des environnements de travail performants o\u00f9 les diff\u00e9rences deviennent un moteur de performance et de bien-\u00eatre durable. &nbsp; Mission :Nous accompagnons les individus et les organisations \u00e0 passer de l\u2019Exclusion Accidentelle \u00e0 une Inclusion D\u00e9lib\u00e9r\u00e9e, en d\u00e9codant et en transformant les dynamiques invisibles qui fa\u00e7onnent la mani\u00e8re dont les \u00e9quipes collaborent, [&hellip;]<\/p>\n","protected":false},"author":1,"featured_media":0,"parent":0,"menu_order":0,"comment_status":"closed","ping_status":"closed","template":"","meta":{"_et_pb_use_builder":"on","_et_pb_old_content":"<!-- wp:divi\/placeholder \/-->","_et_gb_content_width":"","footnotes":""},"class_list":["post-193","page","type-page","status-publish","hentry"],"_links":{"self":[{"href":"https:\/\/www.leadershipcq.com\/fr\/wp-json\/wp\/v2\/pages\/193","targetHints":{"allow":["GET"]}}],"collection":[{"href":"https:\/\/www.leadershipcq.com\/fr\/wp-json\/wp\/v2\/pages"}],"about":[{"href":"https:\/\/www.leadershipcq.com\/fr\/wp-json\/wp\/v2\/types\/page"}],"author":[{"embeddable":true,"href":"https:\/\/www.leadershipcq.com\/fr\/wp-json\/wp\/v2\/users\/1"}],"replies":[{"embeddable":true,"href":"https:\/\/www.leadershipcq.com\/fr\/wp-json\/wp\/v2\/comments?post=193"}],"version-history":[{"count":60,"href":"https:\/\/www.leadershipcq.com\/fr\/wp-json\/wp\/v2\/pages\/193\/revisions"}],"predecessor-version":[{"id":2254,"href":"https:\/\/www.leadershipcq.com\/fr\/wp-json\/wp\/v2\/pages\/193\/revisions\/2254"}],"wp:attachment":[{"href":"https:\/\/www.leadershipcq.com\/fr\/wp-json\/wp\/v2\/media?parent=193"}],"curies":[{"name":"wp","href":"https:\/\/api.w.org\/{rel}","templated":true}]}}